{"id":246,"date":"2023-06-27T15:54:25","date_gmt":"2023-06-27T12:54:25","guid":{"rendered":"https:\/\/www.lasikturkey.com\/de\/?page_id=246"},"modified":"2023-07-16T12:45:21","modified_gmt":"2023-07-16T09:45:21","slug":"prof-md-rifat-rasier","status":"publish","type":"page","link":"https:\/\/www.lasikturkey.com\/de\/prof-md-rifat-rasier\/","title":{"rendered":"Prof. MD. R\u0131fat Rasier"},"content":{"rendered":"<p><iframe width=\"100%\" height=\"500\" src=\"https:\/\/www.youtube.com\/embed\/xjsVsNYYrxA\" title=\"YouTube video player\" frameborder=\"0\" allow=\"accelerometer; autoplay; clipboard-write; encrypted-media; gyroscope; picture-in-picture; web-share\" allowfullscreen><\/iframe><br \/>\nW\u00e4hrend seiner medizinischen Ausbildung und Spezialisierung in Ophthalmologie absolvierte er die Louisiana State University School of Medicine in den Vereinigten Staaten, das Stadtisches Klinikum Kemperhof Koblenz in Deutschland und das Western Eye Hospital, Imperial College in England. Im Jahr 2007 erhielt er die Anerkennung f\u00fcr die Fakult\u00e4t f\u00fcr Medizin vom General Medical Council of England und wurde als Arzt mit voller medizinischer Zulassung in England registriert.<\/p>\n<p>Zusammen mit seiner augen\u00e4rztlichen Ausbildung absolvierte er 2009 ein Masterprogramm in Biomedizintechnik an der Bo\u011fazi\u00e7i-Universit\u00e4t.<\/p>\n<p>Rasier setzte seine Entwicklung in seinem Fachgebiet ohne Verlangsamung fort und schloss 2010 seine Spezialisierung in Ophthalmologie an der Bilim Universit\u00e4t ab.<\/p>\n<p>&#8211; Er absolvierte seinen Pflichtdienst im Jahr 2012 am K\u0131rklareli Krankenhaus.<\/p>\n<p>&#8211; Er erhielt 2016 den Titel &#8222;Associate Professor&#8220; in der Abteilung f\u00fcr Augenheilkunde.<\/p>\n<p>Er schloss 2017 seine Promotion an der Bo\u011fazi\u00e7i-Universit\u00e4t, Abteilung f\u00fcr Biomedizintechnik, mit einem Durchschnitt von 4,0 ab.<\/p>\n<p>R\u0131fat Rasier hat als Ergebnis seiner Arbeiten im Biomedizinischen Techniklabor der Bo\u011fazi\u00e7i-Universit\u00e4t ein Verfahren entwickelt, das es erm\u00f6glicht, die erforderlichen Einschnitte in der transparenten Schicht des Auges w\u00e4hrend der Kataraktoperation am Ende des Eingriffs mit einem Laser zu verschwei\u00dfen und somit den operierten Einschnitt zu schlie\u00dfen. Bei heutigen Kataraktoperationen bleiben die Einschnitte offen oder werden am Ende der Operation gen\u00e4ht. Mit Laser-Gewebeschwei\u00dfexperimenten wurden positive Ergebnisse bei der laserbasierten Verschlussprozedur ohne N\u00e4hte in der Kataraktchirurgie erzielt. Dank dieses Systems konnte eine Verschwei\u00dfung von 2 Millimetern entfernt ohne Ber\u00fchrung des Gewebes mit einer speziellen Wellenl\u00e4nge erreicht werden. Der Einschnitt wurde ohne Naht am Auge mit Hilfe eines Lasers geschlossen, und das Infektionsrisiko wurde in der Operation verringert, w\u00e4hrend gleichzeitig die Operationszeit verk\u00fcrzt wurde.<\/p>\n<p><strong>Erhaltene Auszeichnungen:<\/strong><\/p>\n<ul>\n<li>Bester Publikationspreis, T\u00fcrkische Zeitschrift f\u00fcr Augenheilkunde, 2010, Gewebeschwei\u00dfen der Hornhaut mit Infrarotlasern unterschiedlicher Wellenl\u00e4ngen in transparenten Hornhautschnitten.<\/li>\n<li>Bester Publikationspreis, T\u00fcrkische Zeitschrift f\u00fcr Augenheilkunde, 2011, VEGF- und IL-8-Spiegel in Glask\u00f6rperfl\u00fcssigkeit bei proliferativer Vitreoretinopathie aufgrund von regmatogenem Netzhautabl\u00f6sung.<\/li>\n<li>JCI Ten Outstanding Youngsters of Turkey, erster Preis in Medizin und medizinischen Erfindungen, 2010<\/li>\n<li>Unterst\u00fctzung des Ministeriums f\u00fcr Industrie, Teknogiri\u015fim-Projekt, 2010<\/li>\n<li>Prof. Dr. Necati Tanyola\u00e7-Preis f\u00fcr Projekte und Forschungen im Bereich Biomedizinische Technik und Technologien w\u00e4hrend des Master- oder Doktoratsstudiums, 2017 Zweiter Preis f\u00fcr das beste wissenschaftliche Poster,<\/li>\n<li>T\u00fcrkische Ophthalmologische Vereinigung, Nationalkongress 2017Akademisch<\/li>\n<\/ul>\n<p><strong>Ver\u00f6ffentlichungen:<\/strong><\/p>\n<p>A. Anzahl der in internationalen begutachteten Fachzeitschriften ver\u00f6ffentlichten Artikel: 22<br \/>\nB. Anzahl der auf internationalen wissenschaftlichen Tagungen pr\u00e4sentierten und in den Tagungsberichten ver\u00f6ffentlichten Beitr\u00e4ge: 10<br \/>\nC. Anzahl der in nationalen begutachteten Fachzeitschriften ver\u00f6ffentlichten Artikel: 25<br \/>\nD. Anzahl der auf nationalen wissenschaftlichen Tagungen pr\u00e4sentierten und in den Tagungsberichten ver\u00f6ffentlichten Beitr\u00e4ge: 91<\/p>\n<p><img decoding=\"async\" class=\"alignnone size-full wp-image-206\" src=\"https:\/\/www.lasikturkey.com\/wp-content\/uploads\/2023\/06\/s1.jpg\" alt=\"\" width=\"1000\" height=\"711\" \/> <img decoding=\"async\" class=\"alignnone wp-image-207 size-full\" src=\"https:\/\/www.lasikturkey.com\/wp-content\/uploads\/2023\/06\/s2.jpg\" alt=\"\" width=\"1000\" height=\"708\" \/> <img decoding=\"async\" class=\"alignnone wp-image-208 size-full\" src=\"https:\/\/www.lasikturkey.com\/wp-content\/uploads\/2023\/06\/s3.jpg\" alt=\"\" width=\"1000\" height=\"1414\" \/> <img decoding=\"async\" class=\"alignnone wp-image-209 size-full\" src=\"https:\/\/www.lasikturkey.com\/wp-content\/uploads\/2023\/06\/s4.jpg\" alt=\"\" width=\"1000\" height=\"707\" \/> <img decoding=\"async\" class=\"alignnone wp-image-210 size-full\" src=\"https:\/\/www.lasikturkey.com\/wp-content\/uploads\/2023\/06\/s5.jpg\" alt=\"\" width=\"1000\" height=\"1414\" \/><\/p>\n","protected":false},"excerpt":{"rendered":"<p>W\u00e4hrend seiner medizinischen Ausbildung und Spezialisierung in Ophthalmologie absolvierte er die Louisiana State University School of Medicine in den Vereinigten Staaten, das Stadtisches Klinikum Kemperhof Koblenz in Deutschland und das Western Eye Hospital, Imperial College in England. Im Jahr 2007 erhielt er die Anerkennung f\u00fcr die Fakult\u00e4t f\u00fcr Medizin vom General Medical Council of England [&hellip;]<\/p>\n","protected":false},"author":1,"featured_media":247,"parent":0,"menu_order":0,"comment_status":"closed","ping_status":"closed","template":"","meta":{"footnotes":""},"class_list":["post-246","page","type-page","status-publish","has-post-thumbnail","hentry"],"_links":{"self":[{"href":"https:\/\/www.lasikturkey.com\/de\/wp-json\/wp\/v2\/pages\/246","targetHints":{"allow":["GET"]}}],"collection":[{"href":"https:\/\/www.lasikturkey.com\/de\/wp-json\/wp\/v2\/pages"}],"about":[{"href":"https:\/\/www.lasikturkey.com\/de\/wp-json\/wp\/v2\/types\/page"}],"author":[{"embeddable":true,"href":"https:\/\/www.lasikturkey.com\/de\/wp-json\/wp\/v2\/users\/1"}],"replies":[{"embeddable":true,"href":"https:\/\/www.lasikturkey.com\/de\/wp-json\/wp\/v2\/comments?post=246"}],"version-history":[{"count":2,"href":"https:\/\/www.lasikturkey.com\/de\/wp-json\/wp\/v2\/pages\/246\/revisions"}],"predecessor-version":[{"id":288,"href":"https:\/\/www.lasikturkey.com\/de\/wp-json\/wp\/v2\/pages\/246\/revisions\/288"}],"wp:featuredmedia":[{"embeddable":true,"href":"https:\/\/www.lasikturkey.com\/de\/wp-json\/wp\/v2\/media\/247"}],"wp:attachment":[{"href":"https:\/\/www.lasikturkey.com\/de\/wp-json\/wp\/v2\/media?parent=246"}],"curies":[{"name":"wp","href":"https:\/\/api.w.org\/{rel}","templated":true}]}}