{"id":121,"date":"2022-09-26T17:27:10","date_gmt":"2022-09-26T14:27:10","guid":{"rendered":"https:\/\/www.lasikturkey.com\/fr\/?page_id=121"},"modified":"2022-10-12T02:51:01","modified_gmt":"2022-10-11T23:51:01","slug":"greffe-de-cheveux","status":"publish","type":"page","link":"https:\/\/www.lasikturkey.com\/fr\/greffe-de-cheveux\/","title":{"rendered":"Greffe de Cheveux"},"content":{"rendered":"<p>&nbsp;<br \/>\n<center><\/p>\n<h2>Unit\u00e9s folliculaires extraites de l&rsquo;arri\u00e8re de votre t\u00eate Et ensuite transplant\u00e9 dans les zones n\u00e9cessaires<\/h2>\n<p><\/center><br \/>\n&nbsp;<\/p>\n<p>&nbsp;<br \/>\n<center><\/p>\n<h2>QUELLES SONT LES M\u00c9THODES ?<\/h2>\n<p><\/center><br \/>\n&nbsp;<\/p>\n<p><center><img loading=\"lazy\" decoding=\"async\" class=\"size-full wp-image-123 aligncenter\" src=\"https:\/\/www.lasikturkey.com\/fr\/wp-content\/uploads\/2022\/09\/sapphire.jpg\" alt=\"\" width=\"473\" height=\"236\" srcset=\"https:\/\/www.lasikturkey.com\/fr\/wp-content\/uploads\/2022\/09\/sapphire.jpg 473w, https:\/\/www.lasikturkey.com\/fr\/wp-content\/uploads\/2022\/09\/sapphire-300x150.jpg 300w\" sizes=\"auto, (max-width: 473px) 100vw, 473px\" \/><\/center><\/p>\n<h3>Qu&rsquo;est-ce que la greffe de cheveux Sapphire FUE?<\/h3>\n<p>En constante \u00e9volution et \u00e9volution, la science m\u00e9dicale donne naissance \u00e0 tout moment \u00e0 des techniques toujours plus innovantes. Naturellement, les proc\u00e9dures de restauration capillaire re\u00e7oivent \u00e9galement leur part de nouveaut\u00e9, et elles deviennent de plus en plus cruciales pour de nombreuses personnes, car ces techniques de restauration cr\u00e9ent des r\u00e9sultats satisfaisants en termes de sant\u00e9 physique ainsi que de sant\u00e9 mentale, compte tenu du fait que le sens acquis de la beaut\u00e9 s&rsquo;attache grande importance \u00e0 l&rsquo;aspect esth\u00e9tique de la sienne.<\/p>\n<p>L&rsquo;un de ces d\u00e9veloppements mentionn\u00e9s est la technique de greffe de cheveux Sapphire FUE. Cette technique avanc\u00e9e est r\u00e9alis\u00e9e avec des instruments sp\u00e9ciaux fabriqu\u00e9s \u00e0 partir d&rsquo;une pierre pr\u00e9cieuse, appel\u00e9e saphir, bas\u00e9e sur les proc\u00e9dures de greffe de cheveux FUE. C&rsquo;est une application am\u00e9lior\u00e9e de la technique FUE. Essentiellement, ces lames en pierre de saphir sont utilis\u00e9es pour cr\u00e9er des incisions sur le site receveur, puis des follicules pileux sont implant\u00e9s dans ces micro-fentes. La pointe en forme de V de ces lames en saphir permet \u00e0 l&rsquo;op\u00e9ration de devenir plus courte par rapport aux lames en acier en forme de U, car elles fournissent plus d&rsquo;incisions avec un minimum de tentatives et aucun dommage aux tissus du cuir chevelu. En cons\u00e9quence, c&rsquo;est une proc\u00e9dure plus facile et une apparence plus naturelle dans l&rsquo;ensemble.<\/p>\n<h3>Conna\u00eetre l&rsquo;outil : Lames saphir<\/h3>\n<p>Compos\u00e9es de composants monocristallins, les lames de saphir sont cent fois plus dures que les lames d&rsquo;acier, mais pas aussi dures que les diamants. Les lames en saphir sont capables de supporter de longues heures de fonctionnement sans complications, car elles ont un haut niveau de durabilit\u00e9.<\/p>\n<p>Le tranchant exceptionnellement tranchant des lames et le faible taux de frottement permettent au chirurgien de travailler avec un traumatisme tissulaire minimal. Par cons\u00e9quent, les cicatrices sont consid\u00e9rablement r\u00e9duites et le temps de r\u00e9cup\u00e9ration est diminu\u00e9. En tant qu&rsquo;instrument optimal pour les techniques chirurgicales d\u00e9licates, les lames en saphir offrent plusieurs avantages, tels que :<\/p>\n<ul>\n<li>Les lames en saphir tiennent mieux le bord que les outils chirurgicaux standard car elles sont plus dures et plus tranchantes.<\/li>\n<li>Les lames en saphir permettent de faire des incisions beaucoup plus fines que les lames chirurgicales standard, ce qui r\u00e9duit consid\u00e9rablement le niveau de dommages cellulaires. Des incisions propres et pr\u00e9cises acc\u00e9l\u00e8rent la p\u00e9riode de r\u00e9cup\u00e9ration et diminuent la possibilit\u00e9 de cicatrices.<\/li>\n<li>Le saphir est une gemme non m\u00e9tallique, il ne peut donc pas donner lieu \u00e0 une r\u00e9activit\u00e9 des ions m\u00e9talliques. Les lames de saphir n&rsquo;affectent en aucune fa\u00e7on les syst\u00e8mes lymphatique ou sanguin puisqu&rsquo;elles sont inactives.<\/li>\n<\/ul>\n<h3>Comment la greffe de cheveux Sapphire FUE est-elle appliqu\u00e9e?<\/h3>\n<p>Comme dans le cas de tout type d&rsquo;op\u00e9ration chirurgicale, la premi\u00e8re \u00e9tape consiste \u00e0 consulter votre m\u00e9decin et \u00e0 vous renseigner sur toutes sortes de questions qui pourraient vous int\u00e9resser ou vous d\u00e9ranger. Lors de la consultation, votre m\u00e9decin analysera d&rsquo;abord la quantit\u00e9 et la densit\u00e9 de vos cheveux ainsi que les tissus de votre cuir chevelu et votre \u00e9tat de sant\u00e9 g\u00e9n\u00e9ral, tout en se pr\u00e9parant \u00e0 plusieurs tests. De cette fa\u00e7on, votre m\u00e9decin pourra s&rsquo;assurer que votre sant\u00e9 physiologique ainsi que votre \u00e9tat mental permettent une chirurgie Sapphire FUE. En \u00e9coutant attentivement vos pr\u00e9occupations, votre m\u00e9decin tentera de d\u00e9terminer la cause de votre perte de cheveux et s&rsquo;assurera que vos attentes sont d\u00e9cemment r\u00e9alistes et applicables.<\/p>\n<p>Ensuite, il est temps de d\u00e9cider de la zone receveuse pour la greffe. La forme et les caract\u00e9ristiques g\u00e9n\u00e9rales du visage du patient sont le facteur d\u00e9terminant pour la planification et la cartographie de la racine des cheveux ainsi que les attentes et les souhaits du patient.<\/p>\n<p>Apr\u00e8s la phase de planification, vous serez emmen\u00e9 \u00e0 la salle d&rsquo;op\u00e9ration et des agents anesth\u00e9siques locaux seront inject\u00e9s dans votre cuir chevelu. D\u00e8s que l&rsquo;anesth\u00e9sie prendra effet, vos chirurgiens commenceront le processus d&rsquo;extraction, en pr\u00e9levant une quantit\u00e9 ad\u00e9quate de greffons au moyen d&rsquo;un instrument chirurgical tel qu&rsquo;une pince \u00e0 l&rsquo;arri\u00e8re de la t\u00eate pr\u00e8s du cou. Une fois l&rsquo;extraction termin\u00e9e, votre chirurgien prendra les mesures n\u00e9cessaires afin de pr\u00e9parer la zone receveuse pour l&rsquo;implantation du greffon. Compte tenu de la planification pr\u00e9c\u00e9dente de la racine des cheveux, de petites incisions seront pratiqu\u00e9es en fonction du placement de nouveaux follicules pileux, \u00e0 l&rsquo;aide de lames de saphir. La prochaine et derni\u00e8re \u00e9tape est l&rsquo;implantation des follicules pileux. Votre chirurgien ins\u00e8rera chacun des greffons extraits dans les canaux pr\u00e9m\u00e9dit\u00e9s un par un, et enfin, l&rsquo;op\u00e9ration se terminera.<\/p>\n<p>Il convient de mentionner qu&rsquo;environ 4 000 \u00e0 6 000 greffons peuvent \u00eatre extraits \u00e0 chaque s\u00e9ance, et chaque greffon se compose de 2 \u00e0 3 follicules pileux. Selon la densit\u00e9 des cheveux et le nombre de follicules extraits, la technique Sapphire FUE permet d&rsquo;implanter environ 50 \u00e0 60 follicules par cm2. De plus, \u00e9tant donn\u00e9 que Sapphire FUE ne n\u00e9cessite pas de lifting de la peau ni d&rsquo;incisions sur le site donneur, le temps de r\u00e9cup\u00e9ration n\u00e9cessaire est consid\u00e9rablement r\u00e9duit et les fentes de la zone receveuse gu\u00e9rissent en quelques jours, sans aucune cicatrice visible.<br \/>\n&nbsp;<\/p>\n<p><center><img loading=\"lazy\" decoding=\"async\" class=\"size-full wp-image-124 aligncenter\" src=\"https:\/\/www.lasikturkey.com\/fr\/wp-content\/uploads\/2022\/09\/choipen.jpg\" alt=\"\" width=\"473\" height=\"236\" srcset=\"https:\/\/www.lasikturkey.com\/fr\/wp-content\/uploads\/2022\/09\/choipen.jpg 473w, https:\/\/www.lasikturkey.com\/fr\/wp-content\/uploads\/2022\/09\/choipen-300x150.jpg 300w\" sizes=\"auto, (max-width: 473px) 100vw, 473px\" \/><\/center><\/p>\n<h3>M\u00c9THODE DHI<\/h3>\n<p>Qu&rsquo;il s&rsquo;agisse de pr\u00e9f\u00e9rences cosm\u00e9tiques ou de probl\u00e8mes de sant\u00e9, la perte de cheveux est une condition avec laquelle des millions de personnes luttent, pour diverses raisons ou \u00e0 des fins diverses. Heureusement, la greffe de cheveux est un secteur en pleine croissance o\u00f9 les innovations technologiques et m\u00e9dicales rendent l&rsquo;am\u00e9lioration du processus de greffe et des r\u00e9sultats finaux globaux beaucoup plus \u00e9vidents et remarquables, jour apr\u00e8s jour.<\/p>\n<p>L&rsquo;un des exemples r\u00e9cents de ces progr\u00e8s est la technique de greffe directe de cheveux, qui est consid\u00e9r\u00e9e comme une m\u00e9thode de greffe folliculaire avanc\u00e9e. Avec les comp\u00e9tences de chirurgiens certifi\u00e9s et les derniers \u00e9quipements m\u00e9dicaux, la proc\u00e9dure DHI garantit une ligne capillaire d&rsquo;apparence naturelle, offrant une densit\u00e9 autant que possible.<\/p>\n<p>La greffe de cheveux directe est appliqu\u00e9e avec un implanteur connu sous le nom de Choi Pen, qui est un outil m\u00e9dical tr\u00e8s fin d&rsquo;un diam\u00e8tre de 1 mm ou moins. C&rsquo;est un outil extr\u00eamement fonctionnel, assurant la direction, l&rsquo;angle et la profondeur parfaits pour que les chirurgiens obtiennent les r\u00e9sultats souhait\u00e9s. Dans le cadre de la proc\u00e9dure, les cheveux sont retir\u00e9s de la zone donneuse via un stylo Choi et directement implant\u00e9s sur le site receveur sans d\u00e9lai.<\/p>\n<h3>Comprendre l&rsquo;outil : Stylo Choi<\/h3>\n<p>Initialement utilis\u00e9 en Cor\u00e9e du Sud, le stylo Choi s&rsquo;est d\u00e9velopp\u00e9 comme une approche alternative \u00e0 la greffe de cheveux folliculaire dans le but d&rsquo;acc\u00e9l\u00e9rer le processus. Cela ne change rien au fait que les unit\u00e9s folliculaires doivent encore \u00eatre soigneusement pr\u00e9par\u00e9es manuellement, mais la proc\u00e9dure est r\u00e9alis\u00e9e au moyen d&rsquo;un dispositif d&rsquo;implantation m\u00e9canique. Une fois charg\u00e9, le stylo Choi est capable de contenir 1 \u00e0 4 follicules pileux qui sont ins\u00e9r\u00e9s dans la zone receveuse lorsque le piston est enfonc\u00e9. Une \u00e9quipe de trois personnes compos\u00e9e de deux chargeurs et d&rsquo;un planteur peut implanter jusqu&rsquo;\u00e0 12 greffons par minute. En ma\u00eetrisant l&rsquo;espacement et la direction de chaque implant, de plus en plus de chirurgiens du monde entier optent pour cet instrument ainsi que les aspects techniques g\u00e9n\u00e9raux de l&rsquo;op\u00e9ration.<\/p>\n<p>Puisqu&rsquo;il s&rsquo;agit d&rsquo;un outil qui offre une pr\u00e9cision et une rapidit\u00e9 maximales, le stylo Choi augmente consid\u00e9rablement le taux de survie des follicules pileux. Plus ils restent hors du corps, plus ils peuvent subir de d\u00e9g\u00e2ts ; par cons\u00e9quent, le stylo Choi devient l&rsquo;une des options les plus appropri\u00e9es, car il permet aux chirurgiens d&rsquo;op\u00e9rer avec plusieurs greffes \u00e0 la fois, et la petite nature du stylo permet \u00e0 plusieurs chirurgiens de travailler en m\u00eame temps.<\/p>\n<h3>\u00cates-vous un bon candidat pour DHI?<\/h3>\n<p>DHI est g\u00e9n\u00e9ralement pr\u00e9f\u00e9r\u00e9 par les personnes qui ont une perte de cheveux avanc\u00e9e car elles n\u00e9cessitent une plus grande quantit\u00e9 de greffes. Il est \u00e9galement conseill\u00e9 aux hommes qui luttent contre la calvitie masculine depuis au moins cinq ans de subir une op\u00e9ration DHI car il s&rsquo;agit de la m\u00e9thode de restauration la plus efficace pour ceux qui ont une perte de cheveux avanc\u00e9e, et \u00e9galement les patients sans r\u00e9action aux traitements m\u00e9dicaux b\u00e9n\u00e9ficient de DHI. proc\u00e9dures. Si votre \u00e9tat de perte de cheveux d\u00e9coule de tout type de traumatisme tel que des br\u00fblures ou des blessures, vous pouvez consulter un chirurgien sp\u00e9cialiste de la perte de cheveux afin de conna\u00eetre les effets intenses de la proc\u00e9dure DHI et ses capacit\u00e9s \u00e0 couvrir les cicatrices. Cependant, il est important de noter qu&rsquo;une calvitie compl\u00e8te diminue l&rsquo;efficacit\u00e9 de la proc\u00e9dure, et les patients qui ont ce type de perte de cheveux ne sont pas consid\u00e9r\u00e9s comme des candidats optimaux pour DHI.<\/p>\n<p>Un autre point \u00e0 mentionner est que vos ant\u00e9c\u00e9dents m\u00e9dicaux sont un facteur critique pour d\u00e9terminer votre candidature \u00e0 l&rsquo;op\u00e9ration DHI. Par exemple, si vous prenez certains m\u00e9dicaments ayant des propri\u00e9t\u00e9s anticoagulantes, vous ne pourrez pas subir de DHI car cela peut aggraver les effets secondaires possibles tels que les saignements.<\/p>\n<h3>La proc\u00e9dure DHI<\/h3>\n<p>Avant le d\u00e9but de l&rsquo;op\u00e9ration, votre chirurgien dessinera votre nouvelle racine des cheveux sur votre t\u00eate en fonction des plans pr\u00e9d\u00e9termin\u00e9s et de l&rsquo;objectif de votre greffe de cheveux. L&rsquo;\u00e9tape suivante est l&rsquo;injection d&rsquo;une anesth\u00e9sie locale de longue dur\u00e9e sur le site donneur. Bien qu&rsquo;une anesth\u00e9sie g\u00e9n\u00e9rale ne soit g\u00e9n\u00e9ralement pas n\u00e9cessaire, vous pouvez demander un s\u00e9datif pour vous sentir plus \u00e0 l&rsquo;aise, car il s&rsquo;agit d&rsquo;un processus qui prend beaucoup de temps.<\/p>\n<p>Une fois l&rsquo;anesth\u00e9sie effectu\u00e9e, votre m\u00e9decin commencera le processus d&rsquo;extraction, manuellement \u00e0 l&rsquo;aide d&rsquo;un dispositif d&rsquo;extraction d&rsquo;un diam\u00e8tre de 1 mm ou moins. D\u00e8s que les cheveux seront extraits de la zone donneuse, ils seront imm\u00e9diatement implant\u00e9s dans le site receveur sans plus tarder. En sautant l&rsquo;\u00e9tape de l&rsquo;incision, votre m\u00e9decin chargera le stylo Choi avec les follicules pileux extraits et les implantera directement dans votre cuir chevelu, selon le plan d&rsquo;action pr\u00e9d\u00e9termin\u00e9. Le placement des follicules pileux doit \u00eatre fait avec la plus grande diligence car il n\u00e9cessite une direction et un angle pr\u00e9cis de 40 \u00e0 45 degr\u00e9s. La comp\u00e9tence et l&rsquo;exp\u00e9rience du chirurgien deviennent importantes \u00e0 ce stade. 2 \u00e0 6 stylos et 15 \u00e0 16 aiguilles de diff\u00e9rentes tailles sont n\u00e9cessaires tout au long de l&rsquo;op\u00e9ration, selon la structure du cheveu.<\/p>\n<p>Apr\u00e8s votre chirurgie, vous serez inform\u00e9 du type de routine de suivi que vous devez suivre sur les instructions de votre chirurgien. Vous recevrez toutes sortes de produits de premi\u00e8re n\u00e9cessit\u00e9 n\u00e9cessaires pour une p\u00e9riode post-op\u00e9ratoire, tels que des shampooings et des m\u00e9dicaments.<\/p>\n<p>While it is understandable to have a desire for quick results as it is a cosmetic condition, it is still important to have realistic expectations. The results of the DHI operation do not appear immediately, visible hair growth is expected to occur at least 5 to 6 months after the procedure. There is another fairly normal part of the operation which stirs up trouble in the eyes of the patient, which is then transplanted hair loss happening throughout the weeks after the operation. You don\u2019t need to panic over this period as your hair will be back gradually, both in the transplanted area as well as the donor site.<\/p>\n<p>Enfin, il est important de se rappeler que les r\u00e9sultats finaux varient d&rsquo;une personne \u00e0 l&rsquo;autre et d\u00e9pendent grandement de la racine des cheveux naturelle du patient. De m\u00eame, compte tenu de vos ant\u00e9c\u00e9dents m\u00e9dicaux, de votre condition physique et des facteurs environnementaux, votre p\u00e9riode de r\u00e9cup\u00e9ration se d\u00e9roulera progressivement, en fonction de l&rsquo;\u00e9lan individuel de vos cheveux.<\/p>\n<p>&nbsp;<br \/>\n<center><\/p>\n<h2>QUELLE EST LA DIFF\u00c9RENCE?<\/h2>\n<p><\/center><br \/>\n<img loading=\"lazy\" decoding=\"async\" class=\"size-full wp-image-128 alignleft\" src=\"https:\/\/www.lasikturkey.com\/fr\/wp-content\/uploads\/2022\/09\/photos.jpg\" alt=\"\" width=\"500\" height=\"500\" srcset=\"https:\/\/www.lasikturkey.com\/fr\/wp-content\/uploads\/2022\/09\/photos.jpg 500w, https:\/\/www.lasikturkey.com\/fr\/wp-content\/uploads\/2022\/09\/photos-300x300.jpg 300w, https:\/\/www.lasikturkey.com\/fr\/wp-content\/uploads\/2022\/09\/photos-150x150.jpg 150w, https:\/\/www.lasikturkey.com\/fr\/wp-content\/uploads\/2022\/09\/photos-350x350.jpg 350w\" sizes=\"auto, (max-width: 500px) 100vw, 500px\" \/>La principale diff\u00e9rence entre la technique FUE classique et Sapphire FUE est l&rsquo;instrument chirurgical utilis\u00e9 pour ouvrir les canaux d&rsquo;implantation au niveau de la zone receveuse. Dans le cadre du Sapphire FUE, les rasoirs en acier sont remplac\u00e9s par des lames en saphir, une pierre pr\u00e9cieuse qui ne perd jamais sa nettet\u00e9. Oui, c&rsquo;est un cristal extr\u00eamement pr\u00e9cieux et co\u00fbteux, mais son efficacit\u00e9 \u00e0 faire des incisions ne peut jamais \u00eatre ignor\u00e9e.<\/p>\n<p>Par rapport aux fentes m\u00e9talliques, les pointes en saphir sont beaucoup plus nettes et plus r\u00e9sistantes ; Gr\u00e2ce \u00e0 ces avantages, les pointes en saphir r\u00e9duisent au minimum les l\u00e9sions tissulaires. Contrairement aux canaux en forme de U de fentes m\u00e9talliques, les pointes en saphir permettent aux chirurgiens de travailler avec des canaux en forme de V, r\u00e9duisant encore plus la possibilit\u00e9 de l\u00e9sions tissulaires sur la peau.<\/p>\n<p>\u00c9tant donn\u00e9 que la nettet\u00e9 sup\u00e9rieure des pointes en saphir augmente le nombre de greffons implant\u00e9s, la greffe de cheveux Sapphire FUE cr\u00e9e un aspect plus dense et naturel. De plus, \u00e9tant une substance trouv\u00e9e dans la nature, les propri\u00e9t\u00e9s uniques de la pierre ont une vari\u00e9t\u00e9 de qualit\u00e9s antibact\u00e9riennes qui acc\u00e9l\u00e8rent la p\u00e9riode de r\u00e9cup\u00e9ration.<\/p>\n<p>&nbsp;<\/p>\n<p>&nbsp;<\/p>\n<p>&nbsp;<\/p>\n<p>&nbsp;<\/p>\n<p>&nbsp;<\/p>\n<p>&nbsp;<br \/>\n<center><\/p>\n<h2>PAQUETS<\/h2>\n<p><\/center><br \/>\n<center><a href=\"https:\/\/www.lasikturkey.com\/fr\/contactez-nous\/\"><img loading=\"lazy\" decoding=\"async\" class=\"alignnone size-full wp-image-129\" src=\"https:\/\/www.lasikturkey.com\/fr\/wp-content\/uploads\/2022\/10\/lasik-fr-dhi.png\"alt=\"\" width=\"460\" height=\"616\" \/><\/a><a href=\"https:\/\/www.lasikturkey.com\/fr\/contactez-nous\/\"><img loading=\"lazy\" decoding=\"async\" class=\"alignnone size-full wp-image-130\" src=\"https:\/\/www.lasikturkey.com\/fr\/wp-content\/uploads\/2022\/10\/lasik-fr-fue.png\" alt=\"\" width=\"460\" height=\"616\" \/><\/a><\/center><\/p>\n<p>&nbsp;<\/p>\n<h2>QUESTIONS LES PLUS POS\u00c9ES<\/h2>\n<h3>La greffe de cheveux fait-elle mal ?<\/h3>\n<p>La greffe de cheveux est consid\u00e9r\u00e9e comme une chirurgie non invasive. L&rsquo;anesth\u00e9sique local utilis\u00e9 a une action analg\u00e9sique prolong\u00e9e, de sorte que le patient ne ressentira aucune sorte de douleur. La zone op\u00e9r\u00e9e reste silencieuse pendant plusieurs heures apr\u00e8s la chirurgie. Dans les jours qui suivent l&rsquo;intervention, vous pouvez ressentir une l\u00e9g\u00e8re douleur dans les zones de r\u00e9ception et de don, qui dispara\u00eetra en quelques jours.<\/p>\n<h3>Combien de temps dure la greffe de cheveux ?<\/h3>\n<p>La dur\u00e9e de l&rsquo;intervention d\u00e9pend du nombre de bulbes qui seront transplant\u00e9s. Cela prend g\u00e9n\u00e9ralement 6 \u00e0 8 heures.<\/p>\n<h3>Qui peut subir une greffe de cheveux?<\/h3>\n<p>La greffe de cheveux peut concerner les hommes et les femmes, \u00e0 partir de 18\/20 ans. Comme c&rsquo;est un peu invasif, presque tout le monde peut subir une greffe de cheveux, sauf chez les patients ayant de graves probl\u00e8mes de sant\u00e9, comme l&rsquo;immunosuppression.<\/p>\n<h3>Quel est le risque d&rsquo;une greffe de cheveux ?<\/h3>\n<p>S&rsquo;agissant d&rsquo;une op\u00e9ration non invasive r\u00e9alis\u00e9e sous anesth\u00e9sie locale, les risques d&rsquo;une telle intervention sont faibles. Les seuls inconv\u00e9nients que ressentent nos patients se situent le plus souvent en post op\u00e9ratoire : d\u00e9mangeaisons, maux de t\u00eate et l\u00e9ger gonflement, mais ils disparaissent en quelques jours.<\/p>\n<h3>Remarquerez-vous des espaces vides dans la zone des donateurs ?<\/h3>\n<p>Non. L&rsquo;une des plus grandes pr\u00e9occupations quant \u00e0 savoir qui a l&rsquo;intention de subir une greffe de cheveux est la suivante. L&rsquo;avantage de la FUE est justement cela. Le m\u00e9decin s&rsquo;assure en effet qu&rsquo;\u00e0 proximit\u00e9 de l&rsquo;unit\u00e9 folliculaire extraite il y en a d&rsquo;autres, s&rsquo;assurant de l&rsquo;absence d&rsquo;espaces vides dans la zone donneuse.<\/p>\n<h3>Combien de temps faut-il pour que les cheveux greff\u00e9s r\u00e9cup\u00e8rent ?<\/h3>\n<p>Une fois transplant\u00e9s, les cheveux transplant\u00e9s tomberont car le bulbe reste \u00e0 l&rsquo;int\u00e9rieur de la rainure et commence \u00e0 r\u00e9g\u00e9n\u00e9rer les cheveux. Les cheveux recommenceront \u00e0 pousser apr\u00e8s environ 3 mois et continueront \u00e0 pousser dans les mois suivants. Vers le septi\u00e8me mois, les patients remarqueront que leurs cheveux sont naturellement naturels.<\/p>\n<h3>Remarquerez-vous des cicatrices apr\u00e8s la greffe?<\/h3>\n<p>Absolument pas. Apr\u00e8s 2\/3 semaines, pendant lesquelles des cro\u00fbtons peuvent se former dans les zones concern\u00e9es par la transplantation, il n&rsquo;y aura plus aucun signe.<\/p>\n<h3>Que faire apr\u00e8s l&rsquo;intervention ?<\/h3>\n<p>Apr\u00e8s l&rsquo;intervention, vous devrez suivre les instructions du personnel m\u00e9dical pour maximiser le r\u00e9sultat de l&rsquo;intervention. Les interpr\u00e8tes de la clinique vous fourniront toutes les instructions n\u00e9cessaires sur les produits \u00e0 utiliser et les activit\u00e9s \u00e0 \u00e9viter dans les semaines suivant la greffe (comme le sport et l&rsquo;effort physique).<\/p>\n<p>&nbsp;<\/p>\n<p><span>Informations d\u00e9taill\u00e9es, vous pouvez\u00a0nous\u00a0<\/span><a href=\"https:\/\/www.lasikturkey.com\/fr\/contactez-nous\/\"><span>contacter par\u00a0<\/span><\/a> <a href=\"tel:+90 543 486 94 65\"><span>t\u00e9l\u00e9phone<\/span><\/a><span>\u00a0,\u00a0\u00a0<\/span><a href=\"https:\/\/api.whatsapp.com\/send?phone=905434869465\" target=\"_blank\" rel=\"noopener\"><span>Whatsapp<\/span><\/a><span>\u00a0\u00a0ou\u00a0\u00a0<\/span><a href=\"mailto:info@lasikturkey.com\"><span>e-mail<\/span><\/a><span>\u00a0.<\/span><\/p>\n<p>&nbsp;<\/p>\n","protected":false},"excerpt":{"rendered":"<p>&nbsp; Unit\u00e9s folliculaires extraites de l&rsquo;arri\u00e8re de votre t\u00eate Et ensuite transplant\u00e9 dans les zones n\u00e9cessaires &nbsp; &nbsp; QUELLES SONT LES M\u00c9THODES ? &nbsp; Qu&rsquo;est-ce que la greffe de cheveux Sapphire FUE? En constante \u00e9volution et \u00e9volution, la science m\u00e9dicale donne naissance \u00e0 tout moment \u00e0 des techniques toujours plus innovantes. Naturellement, les proc\u00e9dures de [&hellip;]<\/p>\n","protected":false},"author":1,"featured_media":0,"parent":0,"menu_order":0,"comment_status":"closed","ping_status":"closed","template":"","meta":{"footnotes":""},"class_list":["post-121","page","type-page","status-publish","hentry"],"_links":{"self":[{"href":"https:\/\/www.lasikturkey.com\/fr\/wp-json\/wp\/v2\/pages\/121","targetHints":{"allow":["GET"]}}],"collection":[{"href":"https:\/\/www.lasikturkey.com\/fr\/wp-json\/wp\/v2\/pages"}],"about":[{"href":"https:\/\/www.lasikturkey.com\/fr\/wp-json\/wp\/v2\/types\/page"}],"author":[{"embeddable":true,"href":"https:\/\/www.lasikturkey.com\/fr\/wp-json\/wp\/v2\/users\/1"}],"replies":[{"embeddable":true,"href":"https:\/\/www.lasikturkey.com\/fr\/wp-json\/wp\/v2\/comments?post=121"}],"version-history":[{"count":10,"href":"https:\/\/www.lasikturkey.com\/fr\/wp-json\/wp\/v2\/pages\/121\/revisions"}],"predecessor-version":[{"id":187,"href":"https:\/\/www.lasikturkey.com\/fr\/wp-json\/wp\/v2\/pages\/121\/revisions\/187"}],"wp:attachment":[{"href":"https:\/\/www.lasikturkey.com\/fr\/wp-json\/wp\/v2\/media?parent=121"}],"curies":[{"name":"wp","href":"https:\/\/api.w.org\/{rel}","templated":true}]}}