{"id":211,"date":"2023-06-27T16:10:26","date_gmt":"2023-06-27T13:10:26","guid":{"rendered":"https:\/\/www.lasikturkey.com\/fr\/?page_id=211"},"modified":"2023-07-16T12:45:27","modified_gmt":"2023-07-16T09:45:27","slug":"prof-md-rifat-rasier","status":"publish","type":"page","link":"https:\/\/www.lasikturkey.com\/fr\/prof-md-rifat-rasier\/","title":{"rendered":"Prof. MD, R\u0131fat Rasier"},"content":{"rendered":"<p><iframe loading=\"lazy\" width=\"100%\" height=\"500\" src=\"https:\/\/www.youtube.com\/embed\/xjsVsNYYrxA\" title=\"YouTube video player\" frameborder=\"0\" allow=\"accelerometer; autoplay; clipboard-write; encrypted-media; gyroscope; picture-in-picture; web-share\" allowfullscreen><\/iframe><\/p>\n<p>Au cours de ses \u00e9tudes m\u00e9dicales et de sa sp\u00e9cialisation en ophtalmologie, il a fr\u00e9quent\u00e9 la Louisiana State University School of Medicine aux \u00c9tats-Unis, l&rsquo;h\u00f4pital Stadtisches Klinikum Kemperhof \u00e0 Koblenz en Allemagne et le Western Eye Hospital, Imperial College en Angleterre. En 2007, il a obtenu l&rsquo;\u00e9quivalence pour la Facult\u00e9 de M\u00e9decine aupr\u00e8s du General Medical Council d&rsquo;Angleterre et est devenu m\u00e9decin avec une inscription m\u00e9dicale compl\u00e8te en Angleterre.<\/p>\n<p>En plus de sa formation en ophtalmologie, il a termin\u00e9 un programme de master en g\u00e9nie biom\u00e9dical \u00e0 l&rsquo;Universit\u00e9 Bo\u011fazi\u00e7i en 2009.<\/p>\n<p>Poursuivant son d\u00e9veloppement dans sa sp\u00e9cialit\u00e9 sans ralentir, Rasier a termin\u00e9 sa sp\u00e9cialisation en ophtalmologie \u00e0 l&rsquo;Universit\u00e9 Bilim en 2010.<\/p>\n<p>&#8211; Il a effectu\u00e9 son service obligatoire \u00e0 l&rsquo;h\u00f4pital d&rsquo;\u00c9tat de K\u0131rklareli en 2012.<\/p>\n<p>&#8211; Il a obtenu le titre de \u00ab\u00a0Professeur Associ\u00e9\u00a0\u00bb au D\u00e9partement d&rsquo;Ophtalmologie en 2016.<\/p>\n<p>Il a obtenu son doctorat \u00e0 l&rsquo;Universit\u00e9 Bo\u011fazi\u00e7i, D\u00e9partement de G\u00e9nie Biom\u00e9dical, avec une moyenne de 4,0 en 2017.<\/p>\n<p>R\u0131fat Rasier, \u00e0 la suite de ses travaux au Laboratoire de G\u00e9nie Biom\u00e9dical de l&rsquo;Universit\u00e9 Bo\u011fazi\u00e7i, a d\u00e9velopp\u00e9 une proc\u00e9dure permettant de souder au laser les incisions n\u00e9cessaires dans la couche transparente de l&rsquo;\u0153il lors de la chirurgie de la cataracte, et ainsi de refermer l&rsquo;incision op\u00e9r\u00e9e. Dans les op\u00e9rations de cataracte actuelles, les incisions sont laiss\u00e9es ouvertes ou sutur\u00e9es \u00e0 la fin de l&rsquo;op\u00e9ration. Des exp\u00e9riences de soudure de tissus au laser ont donn\u00e9 des r\u00e9sultats positifs dans la proc\u00e9dure de fermeture au laser sans points de suture lors de la chirurgie de la cataracte. Gr\u00e2ce \u00e0 ce syst\u00e8me, il a \u00e9t\u00e9 possible de fermer par soudure une distance de 2 millim\u00e8tres sans toucher le tissu avec une longueur d&rsquo;onde sp\u00e9ciale. Sans suturer l&rsquo;\u0153il, l&rsquo;incision a \u00e9t\u00e9 referm\u00e9e \u00e0 l&rsquo;aide d&rsquo;un laser, r\u00e9duisant ainsi le risque d&rsquo;infection lors de l&rsquo;op\u00e9ration et raccourcissant \u00e9galement le temps d&rsquo;intervention.<\/p>\n<p><strong>R\u00e9compenses re\u00e7ues :<\/strong><\/p>\n<ul>\n<li>Prix de la meilleure publication, Turkish Journal of Ophthalmology, 2010, Soudure tissulaire corn\u00e9enne avec des lasers infrarouges \u00e0 diff\u00e9rentes longueurs d&rsquo;onde dans la section corn\u00e9enne transparente.<\/li>\n<li>Prix de la meilleure publication, Turkish Journal of Ophthalmology, 2011, Niveaux de VEGF et d&rsquo;IL-8 dans le liquide vitr\u00e9en dans la vitr\u00e9or\u00e9tinopathie prolif\u00e9rative se d\u00e9veloppant en raison d&rsquo;un d\u00e9collement r\u00e9tinien r\u00e9gmatog\u00e8ne.<\/li>\n<li>Dix jeunes exceptionnels de Turquie, premier prix en m\u00e9decine et en inventions m\u00e9dicales, 2010<\/li>\n<li>Soutien du Minist\u00e8re de l&rsquo;Industrie, Projet Teknogiri\u015fim, 2010 Prix<\/li>\n<li>Prof. Dr. Necati Tanyola\u00e7 pour les projets et recherches r\u00e9alis\u00e9s en g\u00e9nie biom\u00e9dical et technologies lors du Master ou du Doctorat, 2017<\/li>\n<li>Deuxi\u00e8me prix du meilleur poster scientifique, Congr\u00e8s national de l&rsquo;Association turque d&rsquo;ophtalmologie 2017 Acad\u00e9mique<\/li>\n<\/ul>\n<p><strong>Publications :<\/strong><\/p>\n<p>A. Nombre d&rsquo;articles publi\u00e9s dans des revues internationales \u00e0 comit\u00e9 de lecture : 22<br \/>\nB. Nombre de communications pr\u00e9sent\u00e9es lors de r\u00e9unions scientifiques internationales et publi\u00e9es dans les actes : 10<br \/>\nC. Nombre d&rsquo;articles publi\u00e9s dans des revues nationales \u00e0 comit\u00e9 de lecture : 25<br \/>\nD. Nombre de communications pr\u00e9sent\u00e9es lors de r\u00e9unions scientifiques nationales et publi\u00e9es dans les actes : 91<\/p>\n","protected":false},"excerpt":{"rendered":"<p>Au cours de ses \u00e9tudes m\u00e9dicales et de sa sp\u00e9cialisation en ophtalmologie, il a fr\u00e9quent\u00e9 la Louisiana State University School of Medicine aux \u00c9tats-Unis, l&rsquo;h\u00f4pital Stadtisches Klinikum Kemperhof \u00e0 Koblenz en Allemagne et le Western Eye Hospital, Imperial College en Angleterre. En 2007, il a obtenu l&rsquo;\u00e9quivalence pour la Facult\u00e9 de M\u00e9decine aupr\u00e8s du General [&hellip;]<\/p>\n","protected":false},"author":1,"featured_media":212,"parent":0,"menu_order":0,"comment_status":"closed","ping_status":"closed","template":"","meta":{"footnotes":""},"class_list":["post-211","page","type-page","status-publish","has-post-thumbnail","hentry"],"_links":{"self":[{"href":"https:\/\/www.lasikturkey.com\/fr\/wp-json\/wp\/v2\/pages\/211","targetHints":{"allow":["GET"]}}],"collection":[{"href":"https:\/\/www.lasikturkey.com\/fr\/wp-json\/wp\/v2\/pages"}],"about":[{"href":"https:\/\/www.lasikturkey.com\/fr\/wp-json\/wp\/v2\/types\/page"}],"author":[{"embeddable":true,"href":"https:\/\/www.lasikturkey.com\/fr\/wp-json\/wp\/v2\/users\/1"}],"replies":[{"embeddable":true,"href":"https:\/\/www.lasikturkey.com\/fr\/wp-json\/wp\/v2\/comments?post=211"}],"version-history":[{"count":2,"href":"https:\/\/www.lasikturkey.com\/fr\/wp-json\/wp\/v2\/pages\/211\/revisions"}],"predecessor-version":[{"id":236,"href":"https:\/\/www.lasikturkey.com\/fr\/wp-json\/wp\/v2\/pages\/211\/revisions\/236"}],"wp:featuredmedia":[{"embeddable":true,"href":"https:\/\/www.lasikturkey.com\/fr\/wp-json\/wp\/v2\/media\/212"}],"wp:attachment":[{"href":"https:\/\/www.lasikturkey.com\/fr\/wp-json\/wp\/v2\/media?parent=211"}],"curies":[{"name":"wp","href":"https:\/\/api.w.org\/{rel}","templated":true}]}}